{"id":735,"date":"2025-12-18T11:43:14","date_gmt":"2025-12-18T11:43:14","guid":{"rendered":"https:\/\/escapadalsol.es\/?page_id=735"},"modified":"2025-12-25T21:01:25","modified_gmt":"2025-12-25T21:01:25","slug":"735-2","status":"publish","type":"page","link":"https:\/\/escapadalsol.es\/en\/735-2\/","title":{"rendered":"DISCOVER BENALMADENA"},"content":{"rendered":"<div class=\"wp-block-cover alignfull\"><img decoding=\"async\" class=\"wp-block-cover__image-background\" alt=\"benalmadena marina\" src=\"https:\/\/escapadalsol.es\/wp-content\/uploads\/2025\/12\/benalmadena-marina-1024x683.jpg\" data-object-fit=\"cover\"\/><span aria-hidden=\"true\" class=\"wp-block-cover__background has-background-dim\"><\/span><div class=\"wp-block-cover__inner-container is-layout-flow wp-block-cover-is-layout-flow\">\n<p class=\"has-text-align-center\" style=\"font-size:clamp(38.253px, 2.391rem + ((1vw - 3.2px) * 4.198), 71px);\">Discover Benalm\u00e1dena<\/p>\n\n\n\n<p class=\"has-text-align-center\" style=\"font-size:clamp(16.293px, 1.018rem + ((1vw - 3.2px) * 1.116), 25px);\">The jewel of the Costa del Sol where Andalusian tradition meets modern leisure and dreamlike beaches.<\/p>\n<\/div><\/div>\n\n\n\n<p class=\"has-text-align-center\" style=\"font-size:clamp(25.5px, 1.594rem + ((1vw - 3.2px) * 2.244), 43px);\">One destination, a thousand experiences<\/p>\n\n\n\n<p class=\"has-text-align-center\" style=\"font-size:clamp(15.747px, 0.984rem + ((1vw - 3.2px) * 1.058), 24px);\">Benalm\u00e1dena is much more than just sun and sand. It's a vibrant municipality divided into three main areas:<strong>&nbsp;Benalm\u00e1dena Pueblo<\/strong>, with its typical Andalusian charm;<strong>&nbsp;Arroyo de la Miel<\/strong>, the commercial heart and local life; and<strong>&nbsp;Benalm\u00e1dena Costa<\/strong>, where our apartments are located, along with the beaches and the famous Puerto Marina.<\/p>\n\n\n\n<div class=\"wp-block-group alignfull has-global-padding is-layout-constrained wp-block-group-is-layout-constrained\" style=\"padding-top:var(--wp--preset--spacing--70);padding-bottom:var(--wp--preset--spacing--70)\">\n<div class=\"wp-block-columns alignfull is-layout-flex wp-container-core-columns-is-layout-4964c666 wp-block-columns-is-layout-flex\" style=\"margin-top:var(--wp--preset--spacing--20);margin-bottom:var(--wp--preset--spacing--20);padding-top:0;padding-right:var(--wp--preset--spacing--60);padding-bottom:0;padding-left:var(--wp--preset--spacing--60)\">\n<div class=\"wp-block-column has-light-background-color has-background is-layout-flow wp-block-column-is-layout-flow\" style=\"border-top-left-radius:10px;border-top-right-radius:10px;border-bottom-left-radius:10px;border-bottom-right-radius:10px;box-shadow:var(--wp--preset--shadow--natural)\">\n<figure class=\"wp-block-image size-full\" style=\"margin-top:0;margin-bottom:0\"><img loading=\"lazy\" decoding=\"async\" width=\"533\" height=\"400\" src=\"https:\/\/escapadalsol.es\/wp-content\/uploads\/2025\/12\/playa-benalmadena-edited.png\" alt=\"playa benalmadena\" class=\"wp-image-1037\" style=\"object-fit:cover\" srcset=\"https:\/\/escapadalsol.es\/wp-content\/uploads\/2025\/12\/playa-benalmadena-edited.png 533w, https:\/\/escapadalsol.es\/wp-content\/uploads\/2025\/12\/playa-benalmadena-edited-300x225.png 300w\" sizes=\"auto, (max-width: 533px) 100vw, 533px\" \/><\/figure>\n\n\n\n<p class=\"has-x-large-font-size\" style=\"margin-right:var(--wp--preset--spacing--30);margin-left:var(--wp--preset--spacing--30)\">Endless Beaches<\/p>\n\n\n\n<p class=\"has-large-font-size\" style=\"margin-top:var(--wp--preset--spacing--50);margin-right:var(--wp--preset--spacing--30);margin-bottom:var(--wp--preset--spacing--50);margin-left:var(--wp--preset--spacing--30)\">From tranquil coves like Benalnatura to family-friendly beaches with all the amenities like Malapesquera or Santa Ana.<\/p>\n<\/div>\n\n\n\n<div class=\"wp-block-column has-light-background-color has-background is-layout-flow wp-block-column-is-layout-flow\" style=\"border-top-left-radius:11px;border-top-right-radius:11px;border-bottom-left-radius:11px;border-bottom-right-radius:11px;padding-top:var(--wp--preset--spacing--30);padding-bottom:var(--wp--preset--spacing--30);box-shadow:var(--wp--preset--shadow--natural)\">\n<figure class=\"wp-block-image size-full\" style=\"margin-top:0;margin-bottom:0\"><img loading=\"lazy\" decoding=\"async\" width=\"710\" height=\"502\" src=\"https:\/\/escapadalsol.es\/wp-content\/uploads\/2025\/12\/puerto-marrina-2.png\" alt=\"puerto marrina\" class=\"wp-image-1065\" style=\"object-fit:cover\" srcset=\"https:\/\/escapadalsol.es\/wp-content\/uploads\/2025\/12\/puerto-marrina-2.png 710w, https:\/\/escapadalsol.es\/wp-content\/uploads\/2025\/12\/puerto-marrina-2-300x212.png 300w\" sizes=\"auto, (max-width: 710px) 100vw, 710px\" \/><\/figure>\n\n\n\n<p class=\"has-x-large-font-size\" style=\"margin-right:var(--wp--preset--spacing--30);margin-left:var(--wp--preset--spacing--30)\">Marina Port<\/p>\n\n\n\n<p class=\"has-large-font-size\" style=\"margin-right:var(--wp--preset--spacing--30);margin-left:var(--wp--preset--spacing--30)\">Awarded multiple times as the \"Best Marina in the World,\" it features unique architecture, shops, restaurants, and nightlife.<\/p>\n<\/div>\n\n\n\n<div class=\"wp-block-column has-light-background-color has-background is-layout-flow wp-block-column-is-layout-flow\" style=\"border-top-left-radius:10px;border-top-right-radius:10px;border-bottom-left-radius:10px;border-bottom-right-radius:10px;padding-top:var(--wp--preset--spacing--30);padding-bottom:var(--wp--preset--spacing--30);box-shadow:var(--wp--preset--shadow--natural)\">\n<figure class=\"wp-block-image size-full\" style=\"margin-top:0;margin-bottom:0\"><img loading=\"lazy\" decoding=\"async\" width=\"756\" height=\"502\" src=\"https:\/\/escapadalsol.es\/wp-content\/uploads\/2025\/12\/gastronomia-1-8.png\" alt=\"gastronomia 1\" class=\"wp-image-1071\" style=\"object-fit:cover\" srcset=\"https:\/\/escapadalsol.es\/wp-content\/uploads\/2025\/12\/gastronomia-1-8.png 756w, https:\/\/escapadalsol.es\/wp-content\/uploads\/2025\/12\/gastronomia-1-8-300x199.png 300w\" sizes=\"auto, (max-width: 756px) 100vw, 756px\" \/><\/figure>\n\n\n\n<p class=\"has-x-large-font-size\" style=\"margin-right:var(--wp--preset--spacing--30);margin-left:var(--wp--preset--spacing--30)\">Gastronomy<\/p>\n\n\n\n<p class=\"has-large-font-size\" style=\"margin-right:var(--wp--preset--spacing--30);margin-left:var(--wp--preset--spacing--30)\">Enjoy fried fish at the beach bars or high-end international cuisine at the port.<\/p>\n<\/div>\n<\/div>\n<\/div>\n\n\n\n<div class=\"wp-block-group alignfull has-background has-global-padding is-layout-constrained wp-container-core-group-is-layout-1b6f58ab wp-block-group-is-layout-constrained\" style=\"background-color:#c8dce826;margin-top:0;margin-bottom:0;padding-top:var(--wp--preset--spacing--80);padding-bottom:var(--wp--preset--spacing--80)\">\n<p class=\"has-text-align-center\" style=\"margin-top:0;margin-bottom:0;padding-top:var(--wp--preset--spacing--80);padding-right:0;padding-bottom:var(--wp--preset--spacing--80);padding-left:0;font-size:clamp(28.836px, 1.802rem + ((1vw - 3.2px) * 2.713), 50px);line-height:1.3\">Must-see places<br><br><br><\/p>\n\n\n\n<div class=\"wp-block-group has-light-background-color has-background has-global-padding is-layout-constrained wp-container-core-group-is-layout-c4756c24 wp-block-group-is-layout-constrained\" style=\"border-top-left-radius:10px;border-top-right-radius:10px;border-bottom-left-radius:10px;border-bottom-right-radius:10px;margin-top:var(--wp--preset--spacing--50);margin-bottom:var(--wp--preset--spacing--50);padding-top:var(--wp--preset--spacing--60);padding-bottom:var(--wp--preset--spacing--60);box-shadow:var(--wp--preset--shadow--natural)\">\n<div class=\"wp-block-columns is-layout-flex wp-container-core-columns-is-layout-28f84493 wp-block-columns-is-layout-flex\">\n<div class=\"wp-block-column is-layout-flow wp-block-column-is-layout-flow\" style=\"flex-basis:33.33%\">\n<figure class=\"wp-block-image size-full is-resized\"><img loading=\"lazy\" decoding=\"async\" width=\"63\" height=\"65\" src=\"https:\/\/escapadalsol.es\/wp-content\/uploads\/2025\/12\/ubicacion.png\" alt=\"ubicacion\" class=\"wp-image-1024\" style=\"aspect-ratio:0.9694957460053953;width:90px;height:auto\"\/><\/figure>\n<\/div>\n\n\n\n<div class=\"wp-block-column is-layout-flow wp-block-column-is-layout-flow\" style=\"flex-basis:100%\">\n<p class=\"wp-container-content-69bc4bdf\" style=\"font-size:clamp(21.536px, 1.346rem + ((1vw - 3.2px) * 1.726), 35px);line-height:0\">Colomares Castle<br><\/p>\n\n\n\n<p class=\"has-large-font-size\">A spectacular monument dedicated to Christopher Columbus and the discovery of America, with a fairytale-like architecture that blends Byzantine, Romanesque, Gothic, and Mudejar styles.<strong><\/strong><\/p>\n\n\n\n<p class=\"has-text-color has-link-color has-large-font-size wp-elements-b7e4dfbde981076483aa4935b2cfb905\" style=\"color:#5994b7;line-height:0\"><strong>Benalm\u00e1dena Pueblo<\/strong><br><br><br><\/p>\n<\/div>\n<\/div>\n<\/div>\n\n\n\n<div class=\"wp-block-group has-light-background-color has-background has-global-padding is-layout-constrained wp-container-core-group-is-layout-76c2f5cf wp-block-group-is-layout-constrained\" style=\"border-top-left-radius:10px;border-top-right-radius:10px;border-bottom-left-radius:10px;border-bottom-right-radius:10px;padding-top:var(--wp--preset--spacing--60);padding-bottom:var(--wp--preset--spacing--60);box-shadow:var(--wp--preset--shadow--natural)\">\n<div class=\"wp-block-columns is-layout-flex wp-container-core-columns-is-layout-28f84493 wp-block-columns-is-layout-flex\">\n<div class=\"wp-block-column is-layout-flow wp-block-column-is-layout-flow\" style=\"flex-basis:33.33%\">\n<figure class=\"wp-block-image size-full is-resized\"><img loading=\"lazy\" decoding=\"async\" width=\"63\" height=\"65\" src=\"https:\/\/escapadalsol.es\/wp-content\/uploads\/2025\/12\/ubicacion.png\" alt=\"ubicacion\" class=\"wp-image-1024\" style=\"aspect-ratio:0.9694957460053953;width:90px;height:auto\"\/><\/figure>\n<\/div>\n\n\n\n<div class=\"wp-block-column is-layout-flow wp-block-column-is-layout-flow\" style=\"flex-basis:100%\">\n<p class=\"wp-container-content-69bc4bdf\" style=\"font-size:clamp(21.536px, 1.346rem + ((1vw - 3.2px) * 1.726), 35px);line-height:0\">Paloma Park<br><\/p>\n\n\n\n<p class=\"has-large-font-size\">A 200,000 m\u00b2 green oasis in the middle of the city, where animals such as rabbits, peacocks, and chickens roam freely. Ideal for walks or picnics.<strong><\/strong><\/p>\n\n\n\n<p class=\"has-text-color has-link-color has-large-font-size wp-elements-0a2f0f472079e183f51e496c5b9af9b9\" style=\"color:#5994b7;line-height:0\"><strong><br><br><strong>Arroyo de la Miel<\/strong><br><br><br><\/strong><br><br><br><\/p>\n<\/div>\n<\/div>\n<\/div>\n\n\n\n<div class=\"wp-block-group has-light-background-color has-background has-global-padding is-layout-constrained wp-block-group-is-layout-constrained\" style=\"border-top-left-radius:10px;border-top-right-radius:10px;border-bottom-left-radius:10px;border-bottom-right-radius:10px;padding-top:var(--wp--preset--spacing--60);padding-bottom:var(--wp--preset--spacing--60);box-shadow:var(--wp--preset--shadow--natural)\">\n<div class=\"wp-block-columns is-layout-flex wp-container-core-columns-is-layout-28f84493 wp-block-columns-is-layout-flex\">\n<div class=\"wp-block-column is-layout-flow wp-block-column-is-layout-flow\" style=\"flex-basis:33.33%\">\n<figure class=\"wp-block-image size-full is-resized\"><img loading=\"lazy\" decoding=\"async\" width=\"63\" height=\"65\" src=\"https:\/\/escapadalsol.es\/wp-content\/uploads\/2025\/12\/ubicacion.png\" alt=\"ubicacion\" class=\"wp-image-1024\" style=\"aspect-ratio:0.9694957460053953;width:90px;height:auto\"\/><\/figure>\n<\/div>\n\n\n\n<div class=\"wp-block-column is-layout-flow wp-block-column-is-layout-flow\" style=\"flex-basis:100%\">\n<p class=\"wp-container-content-69bc4bdf\" style=\"font-size:clamp(21.536px, 1.346rem + ((1vw - 3.2px) * 1.726), 35px);line-height:0\">Benalm\u00e1dena Cable Car<br><\/p>\n\n\n\n<p class=\"has-large-font-size\">Climb to the top of Mount Calamorro to enjoy the best panoramic views of the Costa del Sol. On clear days, you can even see the coast of Africa.<strong><\/strong><\/p>\n\n\n\n<p class=\"has-text-color has-link-color has-large-font-size wp-elements-0d7551a5b74a396f582bc5e5751cb5ac\" style=\"color:#5994b7;line-height:0\"><strong>Departure from Arroyo de la Miel<\/strong><br><br><br><br><br><\/p>\n<\/div>\n<\/div>\n<\/div>\n\n\n\n<div class=\"wp-block-group has-light-background-color has-background has-global-padding is-layout-constrained wp-block-group-is-layout-constrained\" style=\"border-top-left-radius:10px;border-top-right-radius:10px;border-bottom-left-radius:10px;border-bottom-right-radius:10px;padding-top:var(--wp--preset--spacing--60);padding-bottom:var(--wp--preset--spacing--60);box-shadow:var(--wp--preset--shadow--natural)\">\n<div class=\"wp-block-columns is-layout-flex wp-container-core-columns-is-layout-28f84493 wp-block-columns-is-layout-flex\">\n<div class=\"wp-block-column is-layout-flow wp-block-column-is-layout-flow\" style=\"flex-basis:33.33%\">\n<figure class=\"wp-block-image size-full is-resized\"><img loading=\"lazy\" decoding=\"async\" width=\"63\" height=\"65\" src=\"https:\/\/escapadalsol.es\/wp-content\/uploads\/2025\/12\/ubicacion.png\" alt=\"ubicacion\" class=\"wp-image-1024\" style=\"aspect-ratio:0.9694957460053953;width:90px;height:auto\"\/><\/figure>\n<\/div>\n\n\n\n<div class=\"wp-block-column is-layout-flow wp-block-column-is-layout-flow\" style=\"flex-basis:100%\">\n<p class=\"wp-container-content-69bc4bdf\" style=\"font-size:clamp(21.536px, 1.346rem + ((1vw - 3.2px) * 1.726), 35px);line-height:0\">Stupa of Enlightenment<br><\/p>\n\n\n\n<p class=\"has-large-font-size\">The largest Buddhist stupa in the West, a place of peace and meditation with a stunning viewpoint overlooking the Mediterranean.<strong><\/strong><\/p>\n\n\n\n<p class=\"has-text-color has-link-color has-large-font-size wp-elements-b7e4dfbde981076483aa4935b2cfb905\" style=\"color:#5994b7;line-height:0\"><strong>Benalm\u00e1dena Pueblo<\/strong><br><br><br><\/p>\n<\/div>\n<\/div>\n<\/div>\n<\/div>\n\n\n\n<div class=\"wp-block-group alignfull has-background has-global-padding is-layout-constrained wp-block-group-is-layout-constrained\" style=\"background-color:#faf5c81c;margin-top:0;margin-bottom:0;padding-top:var(--wp--preset--spacing--70);padding-bottom:var(--wp--preset--spacing--70)\">\n<p class=\"has-text-align-center\" style=\"padding-top:0;padding-bottom:0;font-size:clamp(26.944px, 1.684rem + ((1vw - 3.2px) * 2.443), 46px);\">Experience Benalm\u00e1dena like a local.<\/p>\n\n\n\n<div class=\"wp-block-buttons is-content-justification-center is-layout-flex wp-container-core-buttons-is-layout-a89b3969 wp-block-buttons-is-layout-flex\">\n<div class=\"wp-block-button\"><a class=\"wp-block-button__link has-light-color has-text-color has-background has-link-color has-large-font-size has-custom-font-size wp-element-button\" href=\"https:\/\/escapadalsol.es\/en\/nuestros-apartamentos\/\" style=\"background-color:#2787be\">Book your accommodation<\/a><\/div>\n<\/div>\n<\/div>","protected":false},"excerpt":{"rendered":"<p>Un destino, mil experiencias Benalm\u00e1dena es mucho m\u00e1s que sol y playa. Es un municipio vibrante dividido en tres n\u00facleos principales:&nbsp;Benalm\u00e1dena Pueblo, con su encanto t\u00edpico andaluz;&nbsp;Arroyo de la Miel, el coraz\u00f3n comercial y vida local; y&nbsp;Benalm\u00e1dena Costa, donde se encuentran nuestros apartamentos, las playas y el famoso Puerto Marina. Playas Infinitas Desde calas tranquilas [&hellip;]<\/p>\n","protected":false},"author":1,"featured_media":0,"parent":0,"menu_order":0,"comment_status":"closed","ping_status":"closed","template":"","meta":{"footnotes":""},"class_list":["post-735","page","type-page","status-publish","hentry"],"_hostinger_reach_plugin_has_subscription_block":false,"_hostinger_reach_plugin_is_elementor":false,"_links":{"self":[{"href":"https:\/\/escapadalsol.es\/en\/wp-json\/wp\/v2\/pages\/735","targetHints":{"allow":["GET"]}}],"collection":[{"href":"https:\/\/escapadalsol.es\/en\/wp-json\/wp\/v2\/pages"}],"about":[{"href":"https:\/\/escapadalsol.es\/en\/wp-json\/wp\/v2\/types\/page"}],"author":[{"embeddable":true,"href":"https:\/\/escapadalsol.es\/en\/wp-json\/wp\/v2\/users\/1"}],"replies":[{"embeddable":true,"href":"https:\/\/escapadalsol.es\/en\/wp-json\/wp\/v2\/comments?post=735"}],"version-history":[{"count":34,"href":"https:\/\/escapadalsol.es\/en\/wp-json\/wp\/v2\/pages\/735\/revisions"}],"predecessor-version":[{"id":1164,"href":"https:\/\/escapadalsol.es\/en\/wp-json\/wp\/v2\/pages\/735\/revisions\/1164"}],"wp:attachment":[{"href":"https:\/\/escapadalsol.es\/en\/wp-json\/wp\/v2\/media?parent=735"}],"curies":[{"name":"wp","href":"https:\/\/api.w.org\/{rel}","templated":true}]}}